{"id":15236,"date":"2015-06-09T12:43:38","date_gmt":"2015-06-09T10:43:38","guid":{"rendered":"http:\/\/www.tornitecnica.it\/?page_id=15236"},"modified":"2020-07-16T17:44:48","modified_gmt":"2020-07-16T15:44:48","slug":"privacy-cookies","status":"publish","type":"page","link":"https:\/\/www.tornitecnica.it\/?page_id=15236","title":{"rendered":"Privacy Policy"},"content":{"rendered":"<p style=\"text-align: center;\"><strong>Modello informativa privacy dati raccolti e finalit\u00e0<\/strong><br \/><strong>Informativa ai sensi e per gli effetti di cui all\u2019art. 13-14, Reg UE 2016\/679<\/strong><br \/><strong>(Regolamento Europeo in materia di protezione dei dati personali)<\/strong><\/p>\n<p>Gentile Ditta<br \/>Desideriamo informarLa che il Reg. UE 2016\/679 (&#8220;Regolamento europeo in materia di protezione dei dati personali&#8221;) prevede la tutela delle persone e di altri soggetti e il rispetto al trattamento dei dati personali.<br \/>Ai sensi degli articoli 13 e 14, pertanto, Le forniamo le seguenti informazioni:<br \/><br \/><strong>1. Finalit\u00e0, base giuridica del trattamento cui sono destinati i dati<\/strong><br \/>Il trattamento dei dati personali da Lei forniti \u00e8 finalizzato unicamente ad eseguire gli obblighi contrattuali e ad adempiere a sue specifiche richieste, nonch\u00e9 ad adempiere agli obblighi normativi, in particolare quelli contabili e fiscali. <br \/><em>Per base giuridica del trattamento si intende la fonte\/origine\/giustificazione del trattamento in una norma di legge,<\/em><br \/><em>nell\u2019adempimento di un contratto, nella soddisfazione di una richiesta dell\u2019interessato. Se \u00e8 presente un obbligo legale o contrattuale occorre fornire indicazioni pi\u00f9 precise.<\/em><br \/><strong>2. Modalit\u00e0 del trattamento<\/strong><br \/>In relazione alle indicate finalit\u00e0 i Suoi dati sono oggetto di trattamento informatico e cartaceo. Le operazioni di trattamento sono attuate in modo da garantire la sicurezza logica, fisica e la riservatezza dei Suoi dati personali.<br \/><strong>3. Prevenzione delle frodi<\/strong><br \/>I dati personali dell\u2019interessato, ad esclusione di quelli particolari (Art 9 GDPR) o giudiziari (Art 10 GDPR) saranno trattati per consentire controlli con finalit\u00e0 di monitoraggio e prevenzione di pagamenti fraudolenti, da parte di sistemi software che effettuano una verifica in modo automatizzato e preliminarmente alla negoziazione di servizi\/prodotti. I dati personali raccolti ai soli fini antifrode saranno immediatamente cancellati al termine delle fasi di controllo (Considerando 47 e art. 22 GDPR).<br \/><strong>4. Legittimi interessi perseguiti dal titolare del trattamento o da terzi<\/strong><br \/>Necessit\u00e0 di elaborare il dato per fini propri o di terzi al solo scopo di fornire in maniera adeguata i servizi aziendali.<br \/><strong>5. Natura dei dati personali<\/strong><br \/>Costituiscono oggetto di trattamento i Suoi dati personali, particolari e giudiziari, inerenti lo svolgimento del servizio da Lei richiesto.<br \/>Durante l\u2019erogazione del servizio potrebbe essere necessario acquisire ed effettuare operazioni di trattamento dei Suoi dati personali particolari e giudiziari. Le viene richiesto di esprimere il relativo consenso in forma scritta.<br \/><strong>6. Natura obbligatoria o facoltativa del conferimento<\/strong><br \/>Il conferimento dei Suoi dati personali e particolari, non ha natura obbligatoria, ma l\u2019eventuale rifiuto potrebbe rendere impossibile o estremamente difficoltoso l\u2019erogazione dei servizi da Lei richiesti.<br \/><strong>7. Ambito di comunicazione e diffusione dei dati<\/strong><br \/>I Suoi dati potranno essere comunicati a:<br \/>\u2022 tutti i soggetti cui la facolt\u00e0 di accesso a tali dati e&#8217; riconosciuta in forza di provvedimenti normativi;<br \/>\u2022 ai nostri collaboratori, dipendenti, nell&#8217;ambito delle relative mansioni;<br \/>\u2022 a tutte quelle persone fisiche e\/o giuridiche, pubbliche e\/o private quando la comunicazione risulti necessaria o funzionale allo svolgimento della nostra attivit\u00e0 e nei modi e per le finalit\u00e0 sopra illustrate (ad es. studio<br \/>commercialistico, agenzia delle entrate, ecc.)<br \/><strong>8. Modalit\u00e0 e durata conservazione dei dati personali<\/strong><br \/>I dati saranno conservati per il tempo necessario ad esplicare le finalit\u00e0 sopra riportate nel rispetto dei termini di legge, per il periodo corrispondente a necessit\u00e0 fiscali, contabili, amministrative e per documentare la nostra attivit\u00e0 e anche per rispondere a sue necessit\u00e0 di recupero dati.<br \/><strong>9. Estremi identificativi del Responsabile della sicurezza del dato privato e sensibile (Privacy Officer)<\/strong><br \/><strong>ZAMBON SUSANNA<\/strong> nata in <strong>SVIZZERA<\/strong> il <strong>26\/05\/1967<\/strong> avente codice fiscale <strong>ZMBSNN67E66Z133R<\/strong><br \/><strong>10. Diritti dell\u2019interessato<\/strong><br \/><strong>10.1 Art. 15 (diritto di accesso) , 16 (diritto di rettifica) del Reg. UE 2016\/679<\/strong><br \/>L&#8217;interessato ha il diritto di ottenere dal titolare del trattamento la conferma che sia o meno in corso un trattamento di dati personali che lo riguardano e in tal caso, di ottenere l&#8217;accesso ai dati personali e alle seguenti informazioni:<br \/>a. le finalit\u00e0 del trattamento;<br \/>b. le categorie di dati personali in questione;<br \/>c. i destinatari o le categorie di destinatari a cui i dati personali sono stati o saranno comunicati, in particolare se destinatari di paesi terzi o organizzazioni internazionali;<br \/>d. il periodo di conservazione dei dati personali previsto oppure, se non \u00e8 possibile, i criteri utilizzati per determinare tale periodo;<br \/>e. l&#8217;esistenza del diritto dell&#8217;interessato di chiedere al titolare del trattamento la rettifica o la cancellazione dei dati personali o la limitazione del trattamento dei dati personali che lo riguardano o di opporsi al loro trattamento;<br \/>f. il diritto di proporre reclamo a un&#8217;autorit\u00e0 di controllo;<br \/>g. l&#8217;esistenza di un processo decisionale automatizzato, compresa la profilazione e, almeno in tali casi, informazioni significative sulla logica utilizzata, nonch\u00e9 l&#8217;importanza e le conseguenze previste di tale<br \/>trattamento per l&#8217;interessato.<br \/><strong>10.2 Diritto di cui all\u2019art. 17 del Reg. UE 2016\/679 &#8211; diritto alla cancellazione (\u00abdiritto all&#8217;oblio\u00bb)<\/strong><br \/>L&#8217;interessato ha il diritto di ottenere dal titolare del trattamento la cancellazione dei dati personali che lo riguardano senza ingiustificato ritardo e il titolare del trattamento ha l&#8217;obbligo di cancellare senza ingiustificato ritardo i dati personali, se sussiste uno dei motivi seguenti:<br \/>a. i dati personali non sono pi\u00f9 necessari rispetto alle finalit\u00e0 per le quali sono stati raccolti o altrimenti trattati;<br \/>b. l&#8217;interessato revoca il consenso su cui si basa il trattamento conformemente all&#8217;articolo 6, paragrafo 1, lettera a), o all&#8217;articolo 9, paragrafo 2, lettera a), e se non sussiste altro fondamento giuridico per il<br \/>trattamento;<br \/>c. l&#8217;interessato si oppone al trattamento ai sensi dell&#8217;articolo 21, paragrafo 1, e non sussiste alcun motivo legittimo prevalente per procedere al trattamento, oppure si oppone al trattamento ai sensi dell&#8217;articolo 21, paragrafo 2;<br \/>d. i dati personali sono stati trattati illecitamente;<br \/>e. i dati personali devono essere cancellati per adempiere un obbligo legale previsto dal diritto dell&#8217;Unione o dello Stato membro cui \u00e8 soggetto il titolare del trattamento;<br \/>f. i dati personali sono stati raccolti relativamente all&#8217;offerta di servizi della societ\u00e0 dell&#8217;informazione di cui all&#8217;articolo 8, paragrafo 1 del Reg. UE 2016\/679<br \/><strong>10.3 Diritto di cui all\u2019 art. 18 Diritto di limitazione di trattamento<\/strong><br \/>L&#8217;interessato ha il diritto di ottenere dal titolare del trattamento la limitazione del trattamento quando ricorre una delle seguenti ipotesi:<br \/>a. l&#8217;interessato contesta l&#8217;esattezza dei dati personali, per il periodo necessario al titolare del trattamento per verificare l&#8217;esattezza di tali dati personali;<br \/>b. il trattamento \u00e8 illecito e l&#8217;interessato si oppone alla cancellazione dei dati personali e chiede invece che ne sia limitato l&#8217;utilizzo;<br \/>c. bench\u00e9 il titolare del trattamento non ne abbia pi\u00f9 bisogno ai fini del trattamento, i dati personali sono necessari all&#8217;interessato per l&#8217;accertamento, l&#8217;esercizio o la difesa di un diritto in sede giudiziaria;<br \/>d. l&#8217;interessato si \u00e8 opposto al trattamento ai sensi dell&#8217;articolo 21, paragrafo 1, Reg UE 2016\/679 in attesa della verifica in merito all&#8217;eventuale prevalenza dei motivi legittimi del titolare del trattamento<br \/>rispetto a quelli dell&#8217;interessato.<br \/><strong>10.4 Diritto di cui all\u2019art.20 Diritto alla portabilit\u00e0 dei dati<\/strong><br \/>L&#8217;interessato ha il diritto di ricevere in un formato strutturato, di uso comune e leggibile da dispositivo automatico i dati personali che lo riguardano forniti al titolare del trattamento e ha il diritto di trasmettere tali dati a un altro titolare del trattamento senza impedimenti da parte del titolare del trattamento.<br \/><strong>11. Revoca del consenso al trattamento<\/strong><br \/>Le \u00e8 riconosciuta la facolt\u00e0 di revocare il consenso al trattamento dei Suoi dati personali, inviando una raccomandata A\/R al seguente indirizzo: <strong>Tornitecnica S.R.L.<\/strong> con sede in<strong> Via Celtica, 45 &#8211; San Vendemiano (TV) Z.I. Ungaresca<\/strong> corredato da fotocopia del suo documento di identit\u00e0, con il seguente testo: \u201crevoca del consenso al trattamento di tutti i miei dati personali\u201d. Al termine di questa operazione i Suoi dati personali saranno rimossi dagli archivi nel pi\u00f9 breve tempo possibile.<br \/>Se desidera avere maggiori informazioni sul trattamento dei Suoi dati personali, ovvero esercitare i diritti di cui al precedente punto 10, pu\u00f2 inviare una raccomandata A\/R al seguente indirizzo: <strong>Tornitecnica S.R.L.<\/strong> con sede in <strong>Via Celtica, 45 &#8211; San Vendemiano (TV) Z.I. Ungaresca<\/strong>. Prima di poterLe fornire, o modificare qualsiasi informazione, potrebbe essere necessario verificare la Sua identit\u00e0 e rispondere ad alcune domande. Una risposta sar\u00e0 fornita al pi\u00f9 presto.<br \/><br \/><strong>San Vendemiano<\/strong>, l\u00ec 25\/05\/2018<\/p>\n<p>\u00a0<\/p>\n\n\n<p><\/p>\n","protected":false},"excerpt":{"rendered":"<p>Modello informativa privacy dati raccolti e finalit\u00e0Informativa ai sensi e per gli effetti di cui all\u2019art. 13-14, Reg UE 2016\/679(Regolamento Europeo in materia di protezione dei dati personali) Gentile DittaDesideriamo informarLa che il Reg. UE 2016\/679 (&#8220;Regolamento europeo in materia di protezione dei dati personali&#8221;) prevede la tutela delle persone e di altri soggetti e&#8230;<\/p>\n","protected":false},"author":85979,"featured_media":0,"parent":0,"menu_order":0,"comment_status":"closed","ping_status":"closed","template":"","meta":{"footnotes":""},"class_list":["post-15236","page","type-page","status-publish","hentry"],"_links":{"self":[{"href":"https:\/\/www.tornitecnica.it\/index.php?rest_route=\/wp\/v2\/pages\/15236","targetHints":{"allow":["GET"]}}],"collection":[{"href":"https:\/\/www.tornitecnica.it\/index.php?rest_route=\/wp\/v2\/pages"}],"about":[{"href":"https:\/\/www.tornitecnica.it\/index.php?rest_route=\/wp\/v2\/types\/page"}],"author":[{"embeddable":true,"href":"https:\/\/www.tornitecnica.it\/index.php?rest_route=\/wp\/v2\/users\/85979"}],"replies":[{"embeddable":true,"href":"https:\/\/www.tornitecnica.it\/index.php?rest_route=%2Fwp%2Fv2%2Fcomments&post=15236"}],"version-history":[{"count":5,"href":"https:\/\/www.tornitecnica.it\/index.php?rest_route=\/wp\/v2\/pages\/15236\/revisions"}],"predecessor-version":[{"id":15247,"href":"https:\/\/www.tornitecnica.it\/index.php?rest_route=\/wp\/v2\/pages\/15236\/revisions\/15247"}],"wp:attachment":[{"href":"https:\/\/www.tornitecnica.it\/index.php?rest_route=%2Fwp%2Fv2%2Fmedia&parent=15236"}],"curies":[{"name":"wp","href":"https:\/\/api.w.org\/{rel}","templated":true}]}}